{"id":51,"date":"2016-01-26T17:48:05","date_gmt":"2016-01-26T16:48:05","guid":{"rendered":"http:\/\/www.nsscev.de\/1\/?page_id=51"},"modified":"2026-01-19T10:29:14","modified_gmt":"2026-01-19T09:29:14","slug":"vorstaende","status":"publish","type":"page","link":"http:\/\/www.nsscev.de\/1\/ahoi\/vorstaende\/","title":{"rendered":"Vorst\u00e4nde"},"content":{"rendered":"<blockquote><p>&#8222;Kein Verein ohne Vorstand&#8220;<\/p><\/blockquote>\n<p>Der Vereinsvorstand \u00fcbernimmt die Vertretung des Vereins nach au\u00dfen sowie die Gesch\u00e4ftsf\u00fchrung im eigentlichen Sinne.<\/p>\n<p style=\"padding-left: 30px;\"><strong>1. Vorsitzender:<\/strong> Uwe Zettler,\u00a01.vorsitzender@nsscev.de<br \/>\n2. Vorsitzender: &#8212;<\/p>\n<p style=\"padding-left: 30px;\"><strong>Schriftf\u00fchrerin:<\/strong> Ulrike Schulz, schriftfuehrung@nsscev.de<\/p>\n<p style=\"padding-left: 30px;\"><strong>Gesch\u00e4ftsf\u00fchrung:<\/strong><br \/>\nBerthold Maier,<br \/>\nSchubertstr. 7, 78658 Zimmern,<br \/>\ngeschaeftsstelle@nsscev.de<br \/>\n0741-33699<\/p>\n<p style=\"padding-left: 30px;\"><strong><a href=\"http:\/\/www.nsscev.de\/1\/wp-content\/uploads\/2016\/01\/I_48.jpg\" rel=\"attachment wp-att-117\"><img loading=\"lazy\" decoding=\"async\" class=\"alignnone size-medium wp-image-117\" src=\"http:\/\/www.nsscev.de\/1\/wp-content\/uploads\/2016\/01\/I_48-300x197.jpg\" alt=\"I_48\" width=\"300\" height=\"197\" srcset=\"http:\/\/www.nsscev.de\/1\/wp-content\/uploads\/2016\/01\/I_48-300x197.jpg 300w, http:\/\/www.nsscev.de\/1\/wp-content\/uploads\/2016\/01\/I_48.jpg 600w\" sizes=\"auto, (max-width: 300px) 100vw, 300px\" \/><\/a><\/strong><\/p>\n<p style=\"padding-left: 30px;\">Weitere Vorstandsmitglieder:<br \/>\n<strong>Hafenobmann:<\/strong> Willy B\u00f6hm<br \/>\n<strong>Fahrtenleiter:<\/strong> Carsten Schulz, fahrtenleitung@nsscev.de<br \/>\n<strong>Umweltobmann:<\/strong> Uwe Maier, umweltobmann@nsscev.de<br \/>\n<strong>Webmaster:<\/strong> Jens Kaiser, webmaster@nsscev.de<\/p>\n","protected":false},"excerpt":{"rendered":"<p>&#8222;Kein Verein ohne Vorstand&#8220; Der Vereinsvorstand \u00fcbernimmt die Vertretung des Vereins nach au\u00dfen [&hellip;]<\/p>\n","protected":false},"author":1,"featured_media":0,"parent":14,"menu_order":0,"comment_status":"closed","ping_status":"closed","template":"","meta":{"footnotes":""},"class_list":["post-51","page","type-page","status-publish","hentry"],"_links":{"self":[{"href":"http:\/\/www.nsscev.de\/1\/wp-json\/wp\/v2\/pages\/51","targetHints":{"allow":["GET"]}}],"collection":[{"href":"http:\/\/www.nsscev.de\/1\/wp-json\/wp\/v2\/pages"}],"about":[{"href":"http:\/\/www.nsscev.de\/1\/wp-json\/wp\/v2\/types\/page"}],"author":[{"embeddable":true,"href":"http:\/\/www.nsscev.de\/1\/wp-json\/wp\/v2\/users\/1"}],"replies":[{"embeddable":true,"href":"http:\/\/www.nsscev.de\/1\/wp-json\/wp\/v2\/comments?post=51"}],"version-history":[{"count":15,"href":"http:\/\/www.nsscev.de\/1\/wp-json\/wp\/v2\/pages\/51\/revisions"}],"predecessor-version":[{"id":1276,"href":"http:\/\/www.nsscev.de\/1\/wp-json\/wp\/v2\/pages\/51\/revisions\/1276"}],"up":[{"embeddable":true,"href":"http:\/\/www.nsscev.de\/1\/wp-json\/wp\/v2\/pages\/14"}],"wp:attachment":[{"href":"http:\/\/www.nsscev.de\/1\/wp-json\/wp\/v2\/media?parent=51"}],"curies":[{"name":"wp","href":"https:\/\/api.w.org\/{rel}","templated":true}]}}